{"id":22,"date":"2016-04-06T12:01:02","date_gmt":"2016-04-06T12:01:02","guid":{"rendered":"http:\/\/localhost\/themes\/vmag\/?page_id=22"},"modified":"2025-03-25T14:20:35","modified_gmt":"2025-03-25T13:20:35","slug":"home","status":"publish","type":"page","link":"http:\/\/gokis-wisniowa.pl\/","title":{"rendered":"Mateusz Zi\u00f3\u0142ko w Wi\u015bniowej!"},"content":{"rendered":"<div class=\"xdj266r x11i5rnm xat24cr x1mh8g0r x1vvkbs x126k92a\">\n<div dir=\"auto\"><\/div>\n<div dir=\"auto\">\n<div class=\"x11i5rnm xat24cr x1mh8g0r x1vvkbs xtlvy1s x126k92a\">\n<div dir=\"auto\">Ju\u017c 9 maja o godzinie 19:00 w sali teatralnej Domu Kultury w Wi\u015bniowej czeka nas wiecz\u00f3r pe\u0142en emocji i niezapomnianych muzycznych wra\u017ce\u0144!<\/div>\n<\/div>\n<div class=\"x11i5rnm xat24cr x1mh8g0r x1vvkbs xtlvy1s x126k92a\">\n<div dir=\"auto\">Mateusz Zi\u00f3\u0142ko \u2013 utalentowany wokalista, pianista i kompozytor, znany z niezwyk\u0142ej charyzmy scenicznej oraz hit\u00f3w takich jak<\/div>\n<div dir=\"auto\">&#8222;W p\u0142omieniach&#8221; czy &#8222;Szk\u0142o&#8221;.<\/div>\n<div dir=\"auto\">To artysta, kt\u00f3ry potrafi poruszy\u0107 serca zar\u00f3wno nastrojowymi balladami, jak i energetycznymi utworami. Jego niezwyk\u0142a barwa g\u0142osu i wra\u017cliwo\u015b\u0107 muzyczna sprawiaj\u0105, \u017ce ka\u017cdy koncert jest prawdziw\u0105 uczt\u0105 dla duszy.<\/div>\n<\/div>\n<div class=\"x11i5rnm xat24cr x1mh8g0r x1vvkbs xtlvy1s x126k92a\">\n<div dir=\"auto\">Bilety:<\/div>\n<div dir=\"auto\"><span class=\"html-span xexx8yu x4uap5 x18d9i69 xkhd6sd x1hl2dhg x16tdsg8 x1vvkbs x3nfvp2 x1j61x8r x1fcty0u xdj266r xat24cr xgzva0m xhhsvwb xxymvpz xlup9mm x1kky2od\"><img loading=\"lazy\" decoding=\"async\" class=\"xz74otr x168nmei x13lgxp2 x5pf9jr xo71vjh\" src=\"https:\/\/static.xx.fbcdn.net\/images\/emoji.php\/v9\/tac\/1\/16\/1f3ab.png\" alt=\"\ud83c\udfab\" width=\"16\" height=\"16\" \/><\/span> Przedsprzeda\u017c: 90 z\u0142<\/div>\n<div dir=\"auto\"><span class=\"html-span xexx8yu x4uap5 x18d9i69 xkhd6sd x1hl2dhg x16tdsg8 x1vvkbs x3nfvp2 x1j61x8r x1fcty0u xdj266r xat24cr xgzva0m xhhsvwb xxymvpz xlup9mm x1kky2od\"><img loading=\"lazy\" decoding=\"async\" class=\"xz74otr x168nmei x13lgxp2 x5pf9jr xo71vjh\" src=\"https:\/\/static.xx.fbcdn.net\/images\/emoji.php\/v9\/tac\/1\/16\/1f3ab.png\" alt=\"\ud83c\udfab\" width=\"16\" height=\"16\" \/><\/span> Po 16 kwietnia: 100 z\u0142<\/div>\n<div dir=\"auto\">Do nabycia w GOKiS Wi\u015bniowa \u2013 Dom Kultury.<\/div>\n<div dir=\"auto\">Rezerwacja bilet\u00f3w <span class=\"html-span xexx8yu x4uap5 x18d9i69 xkhd6sd x1hl2dhg x16tdsg8 x1vvkbs x3nfvp2 x1j61x8r x1fcty0u xdj266r xat24cr xgzva0m xhhsvwb xxymvpz xlup9mm x1kky2od\"><img loading=\"lazy\" decoding=\"async\" class=\"xz74otr x168nmei x13lgxp2 x5pf9jr xo71vjh\" src=\"https:\/\/static.xx.fbcdn.net\/images\/emoji.php\/v9\/t4d\/1\/16\/1f4de.png\" alt=\"\ud83d\udcde\" width=\"16\" height=\"16\" \/><\/span> 502 953 349.<\/div>\n<\/div>\n<div class=\"x11i5rnm xat24cr x1mh8g0r x1vvkbs xtlvy1s x126k92a\">\n<div dir=\"auto\"><span class=\"html-span xexx8yu x4uap5 x18d9i69 xkhd6sd x1hl2dhg x16tdsg8 x1vvkbs x3nfvp2 x1j61x8r x1fcty0u xdj266r xat24cr xgzva0m xhhsvwb xxymvpz xlup9mm x1kky2od\"><img loading=\"lazy\" decoding=\"async\" class=\"xz74otr x168nmei x13lgxp2 x5pf9jr xo71vjh\" src=\"https:\/\/static.xx.fbcdn.net\/images\/emoji.php\/v9\/t30\/1\/16\/1f514.png\" alt=\"\ud83d\udd14\" width=\"16\" height=\"16\" \/><\/span> Nie przegapcie tej okazji! Do\u0142\u0105czcie do nas w ten wyj\u0105tkowy wiecz\u00f3r! Do zobaczenia! <span class=\"html-span xexx8yu x4uap5 x18d9i69 xkhd6sd x1hl2dhg x16tdsg8 x1vvkbs x3nfvp2 x1j61x8r x1fcty0u xdj266r xat24cr xgzva0m xhhsvwb xxymvpz xlup9mm x1kky2od\"><img loading=\"lazy\" decoding=\"async\" class=\"xz74otr x168nmei x13lgxp2 x5pf9jr xo71vjh\" src=\"https:\/\/static.xx.fbcdn.net\/images\/emoji.php\/v9\/t1f\/1\/16\/1f3b6.png\" alt=\"\ud83c\udfb6\" width=\"16\" height=\"16\" \/><\/span><\/div>\n<div dir=\"auto\"><img loading=\"lazy\" decoding=\"async\" class=\"alignnone size-large wp-image-3044\" src=\"http:\/\/gokis-wisniowa.pl\/wp-content\/uploads\/2025\/03\/Ziolko-akt-724x1024.png\" alt=\"\" width=\"640\" height=\"905\" srcset=\"http:\/\/gokis-wisniowa.pl\/wp-content\/uploads\/2025\/03\/Ziolko-akt-724x1024.png 724w, http:\/\/gokis-wisniowa.pl\/wp-content\/uploads\/2025\/03\/Ziolko-akt-212x300.png 212w, http:\/\/gokis-wisniowa.pl\/wp-content\/uploads\/2025\/03\/Ziolko-akt-768x1086.png 768w, http:\/\/gokis-wisniowa.pl\/wp-content\/uploads\/2025\/03\/Ziolko-akt-1086x1536.png 1086w, http:\/\/gokis-wisniowa.pl\/wp-content\/uploads\/2025\/03\/Ziolko-akt-1448x2048.png 1448w, http:\/\/gokis-wisniowa.pl\/wp-content\/uploads\/2025\/03\/Ziolko-akt.png 1587w\" sizes=\"auto, (max-width: 640px) 100vw, 640px\" \/><\/div>\n<\/div>\n<\/div>\n<\/div>\n<div class=\"x11i5rnm xat24cr x1mh8g0r x1vvkbs xtlvy1s x126k92a\"><\/div>\n<div class=\"x11i5rnm xat24cr x1mh8g0r x1vvkbs xtlvy1s x126k92a\">\n<div dir=\"auto\"><\/div>\n<\/div>\n","protected":false},"excerpt":{"rendered":"<p>Ju\u017c 9 maja o godzinie 19:00 w sali teatralnej Domu Kultury w Wi\u015bniowej czeka nas wiecz\u00f3r pe\u0142en emocji i niezapomnianych muzycznych wra\u017ce\u0144! Mateusz Zi\u00f3\u0142ko \u2013 utalentowany wokalista, pianista i kompozytor, znany z niezwyk\u0142ej charyzmy scenicznej oraz hit\u00f3w takich jak &#8222;W p\u0142omieniach&#8221; czy &#8222;Szk\u0142o&#8221;. To artysta, kt\u00f3ry potrafi poruszy\u0107 serca zar\u00f3wno nastrojowymi balladami, jak i energetycznymi&#8230;<\/p>\n","protected":false},"author":1,"featured_media":0,"parent":0,"menu_order":0,"comment_status":"closed","ping_status":"closed","template":"templates\/home-template.php","meta":{"footnotes":""},"class_list":["post-22","page","type-page","status-publish","hentry"],"_links":{"self":[{"href":"http:\/\/gokis-wisniowa.pl\/index.php\/wp-json\/wp\/v2\/pages\/22","targetHints":{"allow":["GET"]}}],"collection":[{"href":"http:\/\/gokis-wisniowa.pl\/index.php\/wp-json\/wp\/v2\/pages"}],"about":[{"href":"http:\/\/gokis-wisniowa.pl\/index.php\/wp-json\/wp\/v2\/types\/page"}],"author":[{"embeddable":true,"href":"http:\/\/gokis-wisniowa.pl\/index.php\/wp-json\/wp\/v2\/users\/1"}],"replies":[{"embeddable":true,"href":"http:\/\/gokis-wisniowa.pl\/index.php\/wp-json\/wp\/v2\/comments?post=22"}],"version-history":[{"count":2,"href":"http:\/\/gokis-wisniowa.pl\/index.php\/wp-json\/wp\/v2\/pages\/22\/revisions"}],"predecessor-version":[{"id":3045,"href":"http:\/\/gokis-wisniowa.pl\/index.php\/wp-json\/wp\/v2\/pages\/22\/revisions\/3045"}],"wp:attachment":[{"href":"http:\/\/gokis-wisniowa.pl\/index.php\/wp-json\/wp\/v2\/media?parent=22"}],"curies":[{"name":"wp","href":"https:\/\/api.w.org\/{rel}","templated":true}]}}