{"id":3240,"date":"2026-03-11T14:44:29","date_gmt":"2026-03-11T13:44:29","guid":{"rendered":"https:\/\/gokis-wisniowa.pl\/?page_id=3240"},"modified":"2026-03-13T13:09:17","modified_gmt":"2026-03-13T12:09:17","slug":"talenty-malopolski-2026","status":"publish","type":"page","link":"http:\/\/gokis-wisniowa.pl\/index.php\/talenty-malopolski-2026\/","title":{"rendered":"TALENTY MA\u0141OPOLSKI 2026"},"content":{"rendered":"<div class=\"xdj266r x14z9mp xat24cr x1lziwak x1vvkbs x126k92a\">\n<div dir=\"auto\"><strong>XXXV Ma\u0142opolski Festiwal Form Muzycznych i Tanecznych<\/strong><\/div>\n<div dir=\"auto\"><\/div>\n<div dir=\"auto\">TALENTY MA\u0141OPOLSKI 2026!<\/div>\n<\/div>\n<div class=\"x14z9mp xat24cr x1lziwak x1vvkbs xtlvy1s x126k92a\">\n<div dir=\"auto\"><span class=\"html-span xexx8yu xyri2b x18d9i69 x1c1uobl x1hl2dhg x16tdsg8 x1vvkbs x3nfvp2 x1j61x8r x1fcty0u xdj266r xat24cr xm2jcoa x1mpyi22 xxymvpz xlup9mm x1kky2od\"><img loading=\"lazy\" decoding=\"async\" class=\"xz74otr x15mokao x1ga7v0g x16uus16 xbiv7yw\" src=\"https:\/\/static.xx.fbcdn.net\/images\/emoji.php\/v9\/tae\/1\/16\/1f3ad.png\" alt=\"\ud83c\udfad\" width=\"16\" height=\"16\" \/><\/span><span class=\"html-span xexx8yu xyri2b x18d9i69 x1c1uobl x1hl2dhg x16tdsg8 x1vvkbs x3nfvp2 x1j61x8r x1fcty0u xdj266r xat24cr xm2jcoa x1mpyi22 xxymvpz xlup9mm x1kky2od\"><img loading=\"lazy\" decoding=\"async\" class=\"xz74otr x15mokao x1ga7v0g x16uus16 xbiv7yw\" src=\"https:\/\/static.xx.fbcdn.net\/images\/emoji.php\/v9\/t1f\/1\/16\/1f3b6.png\" alt=\"\ud83c\udfb6\" width=\"16\" height=\"16\" \/><\/span> Talenty Ma\u0142opolski 2026 \u2013 Eliminacje Powiatowe w Wi\u015bniowej! <span class=\"html-span xexx8yu xyri2b x18d9i69 x1c1uobl x1hl2dhg x16tdsg8 x1vvkbs x3nfvp2 x1j61x8r x1fcty0u xdj266r xat24cr xm2jcoa x1mpyi22 xxymvpz xlup9mm x1kky2od\"><img loading=\"lazy\" decoding=\"async\" class=\"xz74otr x15mokao x1ga7v0g x16uus16 xbiv7yw\" src=\"https:\/\/static.xx.fbcdn.net\/images\/emoji.php\/v9\/t1f\/1\/16\/1f3b6.png\" alt=\"\ud83c\udfb6\" width=\"16\" height=\"16\" \/><\/span><span class=\"html-span xexx8yu xyri2b x18d9i69 x1c1uobl x1hl2dhg x16tdsg8 x1vvkbs x3nfvp2 x1j61x8r x1fcty0u xdj266r xat24cr xm2jcoa x1mpyi22 xxymvpz xlup9mm x1kky2od\"><img loading=\"lazy\" decoding=\"async\" class=\"xz74otr x15mokao x1ga7v0g x16uus16 xbiv7yw\" src=\"https:\/\/static.xx.fbcdn.net\/images\/emoji.php\/v9\/tae\/1\/16\/1f3ad.png\" alt=\"\ud83c\udfad\" width=\"16\" height=\"16\" \/><\/span><\/div>\n<\/div>\n<div class=\"x14z9mp xat24cr x1lziwak x1vvkbs xtlvy1s x126k92a\">\n<div dir=\"auto\">Serdecznie zapraszamy do udzia\u0142u w eliminacjach powiatowych powiatu my\u015blenickiego konkursu Talenty Ma\u0142opolski 2026, kt\u00f3re odb\u0119d\u0105 si\u0119 15 kwietnia 2026 r. w Wi\u015bniowej.<\/div>\n<\/div>\n<div class=\"x14z9mp xat24cr x1lziwak x1vvkbs xtlvy1s x126k92a\">\n<div dir=\"auto\"><span class=\"html-span xexx8yu xyri2b x18d9i69 x1c1uobl x1hl2dhg x16tdsg8 x1vvkbs x3nfvp2 x1j61x8r x1fcty0u xdj266r xat24cr xm2jcoa x1mpyi22 xxymvpz xlup9mm x1kky2od\"><img loading=\"lazy\" decoding=\"async\" class=\"xz74otr x15mokao x1ga7v0g x16uus16 xbiv7yw\" src=\"https:\/\/static.xx.fbcdn.net\/images\/emoji.php\/v9\/t2d\/1\/16\/1f4cd.png\" alt=\"\ud83d\udccd\" width=\"16\" height=\"16\" \/><\/span> Formy taneczne \u2013 Hala Sportowa im. Kazimierza Bubuli w Wi\u015bniowej<\/div>\n<div dir=\"auto\"><span class=\"html-span xexx8yu xyri2b x18d9i69 x1c1uobl x1hl2dhg x16tdsg8 x1vvkbs x3nfvp2 x1j61x8r x1fcty0u xdj266r xat24cr xm2jcoa x1mpyi22 xxymvpz xlup9mm x1kky2od\"><img loading=\"lazy\" decoding=\"async\" class=\"xz74otr x15mokao x1ga7v0g x16uus16 xbiv7yw\" src=\"https:\/\/static.xx.fbcdn.net\/images\/emoji.php\/v9\/t2d\/1\/16\/1f4cd.png\" alt=\"\ud83d\udccd\" width=\"16\" height=\"16\" \/><\/span> Formy muzyczne \u2013 Gminny O\u015brodek Kultury i Sportu w Wi\u015bniowej<\/div>\n<\/div>\n<div class=\"x14z9mp xat24cr x1lziwak x1vvkbs xtlvy1s x126k92a\">\n<div dir=\"auto\">Do udzia\u0142u zapraszamy dzieci, m\u0142odzie\u017c oraz doros\u0142ych z rocznik\u00f3w 2002\u20132020, kt\u00f3rzy chc\u0105 zaprezentowa\u0107 sw\u00f3j talent na scenie i powalczy\u0107 o awans do kolejnego etapu konkursu.<\/div>\n<\/div>\n<div class=\"x14z9mp xat24cr x1lziwak x1vvkbs xtlvy1s x126k92a\">\n<div dir=\"auto\">W obu kategoriach mog\u0105 wyst\u0119powa\u0107 soli\u015bci, duety oraz zespo\u0142y.<\/div>\n<\/div>\n<div class=\"x14z9mp xat24cr x1lziwak x1vvkbs xtlvy1s x126k92a\">\n<div dir=\"auto\"><span class=\"html-span xexx8yu xyri2b x18d9i69 x1c1uobl x1hl2dhg x16tdsg8 x1vvkbs x3nfvp2 x1j61x8r x1fcty0u xdj266r xat24cr xm2jcoa x1mpyi22 xxymvpz xlup9mm x1kky2od\"><img loading=\"lazy\" decoding=\"async\" class=\"xz74otr x15mokao x1ga7v0g x16uus16 xbiv7yw\" src=\"https:\/\/static.xx.fbcdn.net\/images\/emoji.php\/v9\/tfd\/1\/16\/1f4c4.png\" alt=\"\ud83d\udcc4\" width=\"16\" height=\"16\" \/><\/span> Karty zg\u0142osze\u0144 oraz regulamin konkursu b\u0119d\u0105 dost\u0119pne poni\u017cej.<\/div>\n<\/div>\n<div dir=\"auto\">*<\/div>\n<div dir=\"auto\"><a href=\"http:\/\/gokis-wisniowa.pl\/wp-content\/uploads\/2026\/03\/FM_karta_zgloszenia_2026-1.docx\">FM_karta_zgloszenia_2026 (1)<\/a><\/div>\n<div dir=\"auto\"><a href=\"http:\/\/gokis-wisniowa.pl\/wp-content\/uploads\/2026\/03\/FT_karta_zgloszenia_2026-1.docx\">FT_karta_zgloszenia_2026 (1)<\/a><\/div>\n<div dir=\"auto\"><a href=\"http:\/\/gokis-wisniowa.pl\/wp-content\/uploads\/2026\/03\/FM_karta_zgloszenia_2026-1-1.pdf\">FM_karta_zgloszenia_2026 (1) (1)<\/a><\/div>\n<div dir=\"auto\"><a href=\"http:\/\/gokis-wisniowa.pl\/wp-content\/uploads\/2026\/03\/FT_karta_zgloszenia_2026-1-1.pdf\">FT_karta_zgloszenia_2026 (1) (1)<\/a><\/div>\n<div dir=\"auto\"><a href=\"http:\/\/gokis-wisniowa.pl\/wp-content\/uploads\/2026\/03\/Regulamin_Talenty_Malopolski_2026_eliminacje-powiat-myslenicki.pdf\">Regulamin_Talenty_Ma\u0142opolski_2026_eliminacje powiat my\u015blenicki<\/a><\/div>\n<div dir=\"auto\">*<\/div>\n<div class=\"x14z9mp xat24cr x1lziwak x1vvkbs xtlvy1s x126k92a\">\n<div dir=\"auto\"><span class=\"html-span xexx8yu xyri2b x18d9i69 x1c1uobl x1hl2dhg x16tdsg8 x1vvkbs x3nfvp2 x1j61x8r x1fcty0u xdj266r xat24cr xm2jcoa x1mpyi22 xxymvpz xlup9mm x1kky2od\"><img loading=\"lazy\" decoding=\"async\" class=\"xz74otr x15mokao x1ga7v0g x16uus16 xbiv7yw\" src=\"https:\/\/static.xx.fbcdn.net\/images\/emoji.php\/v9\/t5c\/1\/16\/1f5d3.png\" alt=\"\ud83d\uddd3\" width=\"16\" height=\"16\" \/><\/span> Termin nadsy\u0142ania zg\u0142osze\u0144: do 7 kwietnia 2026 r.<\/div>\n<\/div>\n<div class=\"x14z9mp xat24cr x1lziwak x1vvkbs xtlvy1s x126k92a\">\n<div dir=\"auto\"><span class=\"html-span xexx8yu xyri2b x18d9i69 x1c1uobl x1hl2dhg x16tdsg8 x1vvkbs x3nfvp2 x1j61x8r x1fcty0u xdj266r xat24cr xm2jcoa x1mpyi22 xxymvpz xlup9mm x1kky2od\"><img loading=\"lazy\" decoding=\"async\" class=\"xz74otr x15mokao x1ga7v0g x16uus16 xbiv7yw\" src=\"https:\/\/static.xx.fbcdn.net\/images\/emoji.php\/v9\/t4d\/1\/16\/1f4de.png\" alt=\"\ud83d\udcde\" width=\"16\" height=\"16\" \/><img loading=\"lazy\" decoding=\"async\" class=\"xz74otr x15mokao x1ga7v0g x16uus16 xbiv7yw\" src=\"https:\/\/static.xx.fbcdn.net\/images\/emoji.php\/v9\/tbe\/1\/16\/1f4e7.png\" alt=\"\ud83d\udce7\" width=\"16\" height=\"16\" \/><\/span> Kontakt w sprawie konkursu:<\/div>\n<div dir=\"auto\">Tel: 502 953 349<\/div>\n<div dir=\"auto\">E-mail: talentymyslenicki@gmail.com<\/div>\n<\/div>\n<div class=\"x14z9mp xat24cr x1lziwak x1vvkbs xtlvy1s x126k92a\">\n<div dir=\"auto\">Zach\u0119camy wszystkich utalentowanych mieszka\u0144c\u00f3w powiatu my\u015blenickiego do udzia\u0142u i podzielenia si\u0119 swoj\u0105 pasj\u0105! <span class=\"html-span xexx8yu xyri2b x18d9i69 x1c1uobl x1hl2dhg x16tdsg8 x1vvkbs x3nfvp2 x1j61x8r x1fcty0u xdj266r xat24cr xm2jcoa x1mpyi22 xxymvpz xlup9mm x1kky2od\"><img loading=\"lazy\" decoding=\"async\" class=\"xz74otr x15mokao x1ga7v0g x16uus16 xbiv7yw\" src=\"https:\/\/static.xx.fbcdn.net\/images\/emoji.php\/v9\/tf4\/1\/16\/2728.png\" alt=\"\u2728\" width=\"16\" height=\"16\" \/><\/span><\/div>\n<\/div>\n<div dir=\"auto\"><\/div>\n<div dir=\"auto\"><a href=\"http:\/\/gokis-wisniowa.pl\/wp-content\/uploads\/2026\/03\/Dodaj-podtytul-1.png\"><img loading=\"lazy\" decoding=\"async\" class=\"aligncenter size-large wp-image-3241\" src=\"http:\/\/gokis-wisniowa.pl\/wp-content\/uploads\/2026\/03\/Dodaj-podtytul-1-724x1024.png\" alt=\"\" width=\"640\" height=\"905\" srcset=\"http:\/\/gokis-wisniowa.pl\/wp-content\/uploads\/2026\/03\/Dodaj-podtytul-1-724x1024.png 724w, http:\/\/gokis-wisniowa.pl\/wp-content\/uploads\/2026\/03\/Dodaj-podtytul-1-212x300.png 212w, http:\/\/gokis-wisniowa.pl\/wp-content\/uploads\/2026\/03\/Dodaj-podtytul-1-768x1086.png 768w, http:\/\/gokis-wisniowa.pl\/wp-content\/uploads\/2026\/03\/Dodaj-podtytul-1-1086x1536.png 1086w, http:\/\/gokis-wisniowa.pl\/wp-content\/uploads\/2026\/03\/Dodaj-podtytul-1-1448x2048.png 1448w, http:\/\/gokis-wisniowa.pl\/wp-content\/uploads\/2026\/03\/Dodaj-podtytul-1.png 1587w\" sizes=\"auto, (max-width: 640px) 100vw, 640px\" \/><\/a><\/div>\n","protected":false},"excerpt":{"rendered":"<p>XXXV Ma\u0142opolski Festiwal Form Muzycznych i Tanecznych TALENTY MA\u0141OPOLSKI 2026! Talenty Ma\u0142opolski 2026 \u2013 Eliminacje Powiatowe w Wi\u015bniowej! Serdecznie zapraszamy do udzia\u0142u w eliminacjach powiatowych powiatu my\u015blenickiego konkursu Talenty Ma\u0142opolski 2026, kt\u00f3re odb\u0119d\u0105 si\u0119 15 kwietnia 2026 r. w Wi\u015bniowej. Formy taneczne \u2013 Hala Sportowa im. Kazimierza Bubuli w Wi\u015bniowej Formy muzyczne \u2013 Gminny O\u015brodek&#8230;<\/p>\n","protected":false},"author":1,"featured_media":3241,"parent":0,"menu_order":0,"comment_status":"closed","ping_status":"closed","template":"","meta":{"footnotes":""},"class_list":["post-3240","page","type-page","status-publish","has-post-thumbnail","hentry"],"_links":{"self":[{"href":"http:\/\/gokis-wisniowa.pl\/index.php\/wp-json\/wp\/v2\/pages\/3240","targetHints":{"allow":["GET"]}}],"collection":[{"href":"http:\/\/gokis-wisniowa.pl\/index.php\/wp-json\/wp\/v2\/pages"}],"about":[{"href":"http:\/\/gokis-wisniowa.pl\/index.php\/wp-json\/wp\/v2\/types\/page"}],"author":[{"embeddable":true,"href":"http:\/\/gokis-wisniowa.pl\/index.php\/wp-json\/wp\/v2\/users\/1"}],"replies":[{"embeddable":true,"href":"http:\/\/gokis-wisniowa.pl\/index.php\/wp-json\/wp\/v2\/comments?post=3240"}],"version-history":[{"count":5,"href":"http:\/\/gokis-wisniowa.pl\/index.php\/wp-json\/wp\/v2\/pages\/3240\/revisions"}],"predecessor-version":[{"id":3259,"href":"http:\/\/gokis-wisniowa.pl\/index.php\/wp-json\/wp\/v2\/pages\/3240\/revisions\/3259"}],"wp:featuredmedia":[{"embeddable":true,"href":"http:\/\/gokis-wisniowa.pl\/index.php\/wp-json\/wp\/v2\/media\/3241"}],"wp:attachment":[{"href":"http:\/\/gokis-wisniowa.pl\/index.php\/wp-json\/wp\/v2\/media?parent=3240"}],"curies":[{"name":"wp","href":"https:\/\/api.w.org\/{rel}","templated":true}]}}